{"id":427,"date":"2021-02-18T10:11:48","date_gmt":"2021-02-18T09:11:48","guid":{"rendered":"https:\/\/heniplast.pl\/?page_id=427"},"modified":"2021-04-26T22:37:32","modified_gmt":"2021-04-26T20:37:32","slug":"zaciskarki-do-zakretek","status":"publish","type":"page","link":"https:\/\/heniplast.pl\/en\/zaciskarki-do-zakretek\/","title":{"rendered":"Zaciskarki do zakr\u0119tek"},"content":{"rendered":"<div id=\"pl-gb427-69f0a13c2af8c\"  class=\"panel-layout\" ><div id=\"pg-gb427-69f0a13c2af8c-0\"  class=\"panel-grid panel-no-style\" ><div id=\"pgc-gb427-69f0a13c2af8c-0-0\"  class=\"panel-grid-cell\" ><div id=\"panel-gb427-69f0a13c2af8c-0-0-0\" class=\"so-panel widget widget_sow-editor panel-first-child panel-last-child\" data-index=\"0\" ><div\n\t\t\t\n\t\t\tclass=\"so-widget-sow-editor so-widget-sow-editor-base\"\n\t\t\t\n\t\t>\n<div class=\"siteorigin-widget-tinymce textwidget\">\n\t<p>Zaciskarka (zaciskacz, zagniatarka, plombownica) do zakr\u0119tek s\u0142u\u017cy do zagi\u0119cia plomby zakr\u0119tki na szyjce butelki.<\/p>\n<p>Typowa zaciskarka sk\u0142ada si\u0119 z korpusu oraz elementu zaginaj\u0105cego (najcz\u0119\u015bciej pr\u0119t metalowy). Korpus zaciskarki posiada otw\u00f3r o \u015brednicy odpowiedniej do wielko\u015bci zamykanej butelki\/zakr\u0119tki oraz szczelin\u0119 (rowek), kt\u00f3ra pozycjonuje pr\u0119t zaginaj\u0105cy na w\u0142a\u015bciwej wysoko\u015bci. Poprzez \u015bci\u015bni\u0119cie ko\u0144c\u00f3wek pr\u0119ta oraz obr\u00f3t butelki wok\u00f3\u0142 w\u0142asnej osi, zaciskarka dogina plomb\u0119 na szyjce, uzyskuj\u0105c efekt profesjonalnego zabutelkowania napoju.<\/p>\n<p>W naszej ofercie posiadamy pe\u0142n\u0105 gam\u0119 zaciskarek do zakr\u0119tek, dzi\u0119ki kt\u00f3rym mo\u017cna obs\u0142u\u017cy\u0107 wszelkie dost\u0119pne na rynku wielko\u015bci zakr\u0119tek. Wszystkie modele s\u0105 w\u0142asnor\u0119cznie przez nas zaprojektowane oraz wytwarzane. Co wi\u0119cej jako jedyni oferujemy uniwersaln\u0105 zaciskark\u0119, s\u0142u\u017c\u0105c\u0105 do plombowania zakr\u0119tek o \u015brednicach 28-31.5mm, na kt\u00f3r\u0105 posiadamy ochron\u0119 prawn\u0105 UE.<\/p>\n<p>Zach\u0119camy do zapoznania si\u0119 ni\u017cej ze szczeg\u00f3\u0142ami oferty oraz o zadawanie pyta\u0144 przez formularz kontaktowy. Klient\u00f3w detalicznych zapraszamy do naszego sklepu <a href=\"https:\/\/allegro.pl\/uzytkownik\/heniplast\/akcesoria-alkoholowe-butelki-93831?string=zaciskarka&amp;bmatch=nbn-e2101-d3684-c3682-col-1-4-0218\">Allegro<\/a>.<\/p>\n<p>&nbsp;<\/p>\n<\/div>\n<\/div><\/div><\/div><div id=\"pgc-gb427-69f0a13c2af8c-0-1\"  class=\"panel-grid-cell\" ><div id=\"panel-gb427-69f0a13c2af8c-0-1-0\" class=\"so-panel widget widget_media_image panel-first-child panel-last-child\" data-index=\"1\" ><img width=\"2492\" height=\"1563\" src=\"https:\/\/heniplast.pl\/wp-content\/uploads\/2021\/03\/zaciskarki_znak.jpg\" class=\"image wp-image-443  attachment-full size-full\" alt=\"zaciskarki do zakr\u0119tek\" decoding=\"async\" loading=\"lazy\" style=\"max-width: 100%; height: auto;\" srcset=\"https:\/\/heniplast.pl\/wp-content\/uploads\/2021\/03\/zaciskarki_znak.jpg 2492w, https:\/\/heniplast.pl\/wp-content\/uploads\/2021\/03\/zaciskarki_znak-300x188.jpg 300w, https:\/\/heniplast.pl\/wp-content\/uploads\/2021\/03\/zaciskarki_znak-1024x642.jpg 1024w, https:\/\/heniplast.pl\/wp-content\/uploads\/2021\/03\/zaciskarki_znak-768x482.jpg 768w, https:\/\/heniplast.pl\/wp-content\/uploads\/2021\/03\/zaciskarki_znak-1536x963.jpg 1536w, https:\/\/heniplast.pl\/wp-content\/uploads\/2021\/03\/zaciskarki_znak-2048x1285.jpg 2048w, https:\/\/heniplast.pl\/wp-content\/uploads\/2021\/03\/zaciskarki_znak-16x10.jpg 16w, https:\/\/heniplast.pl\/wp-content\/uploads\/2021\/03\/zaciskarki_znak-480x300.jpg 480w, https:\/\/heniplast.pl\/wp-content\/uploads\/2021\/03\/zaciskarki_znak-640x400.jpg 640w\" sizes=\"(max-width: 2492px) 100vw, 2492px\" \/><\/div><\/div><\/div><div id=\"pg-gb427-69f0a13c2af8c-1\"  class=\"panel-grid panel-no-style\" ><div id=\"pgc-gb427-69f0a13c2af8c-1-0\"  class=\"panel-grid-cell\" ><div id=\"panel-gb427-69f0a13c2af8c-1-0-0\" class=\"so-panel widget widget_sow-headline panel-first-child\" data-index=\"2\" ><div\n\t\t\t\n\t\t\tclass=\"so-widget-sow-headline so-widget-sow-headline-default-eb58c90b4a68-427\"\n\t\t\t\n\t\t><div class=\"sow-headline-container\">\n\t\t\t\t\t\t<div class=\"decoration\">\n\t\t\t\t\t\t<div class=\"decoration-inside\"><\/div>\n\t\t\t\t\t<\/div>\n\t\t\t\t\t\t\t\t\t\t\t<h2 class=\"sow-headline\">\n\t\t\t\t\t\tZaciskarka uniwersalna\t\t\t\t\t\t<\/h2>\n\t\t\t\t\t\t<\/div>\n<\/div><\/div><div id=\"panel-gb427-69f0a13c2af8c-1-0-1\" class=\"so-panel widget widget_sow-editor panel-last-child\" data-index=\"3\" ><div\n\t\t\t\n\t\t\tclass=\"so-widget-sow-editor so-widget-sow-editor-base\"\n\t\t\t\n\t\t>\n<div class=\"siteorigin-widget-tinymce textwidget\">\n\t<p>Zaciskarka, dzi\u0119ki kt\u00f3rej mo\u017cna zaplombowa\u0107 co najmiej 8 r\u00f3\u017cnych rozmiar\u00f3w zakr\u0119tek (o \u015brednicach od 28 do 31,5mm).<\/p>\n<p>G\u00f3rna pozycja pr\u0119ta s\u0142u\u017cy do zaciskania kr\u00f3tszych\/w\u0119\u017cszych zakr\u0119tek:<\/p>\n<ul>\n<li>28x18mm<\/li>\n<li>28x40mm<\/li>\n<li>31,5x18mm<\/li>\n<\/ul>\n<p>Dolna pozycja pr\u0119ta s\u0142u\u017cy do zaciskania wy\u017cszych\/szerszych zakr\u0119tek:<\/p>\n<ul>\n<li>30x24mm<\/li>\n<li>30x44mm<\/li>\n<li>30x60mm<\/li>\n<li>31,5x24mm<\/li>\n<li>31,5x44mm<\/li>\n<\/ul>\n<\/div>\n<\/div><\/div><\/div><div id=\"pgc-gb427-69f0a13c2af8c-1-1\"  class=\"panel-grid-cell\" ><div id=\"panel-gb427-69f0a13c2af8c-1-1-0\" class=\"so-panel widget widget_sow-slider panel-first-child panel-last-child\" data-index=\"4\" ><div\n\t\t\t\n\t\t\tclass=\"so-widget-sow-slider so-widget-sow-slider-default-c8fd8208145c-427\"\n\t\t\t\n\t\t>\t\t\t\t<div class=\"sow-slider-base\" style=\"display: none\" tabindex=\"0\">\n\t\t\t\t\t<ul\n\t\t\t\t\tclass=\"sow-slider-images\"\n\t\t\t\t\tdata-settings=\"{&quot;pagination&quot;:true,&quot;speed&quot;:800,&quot;timeout&quot;:8000,&quot;paused&quot;:false,&quot;pause_on_hover&quot;:false,&quot;swipe&quot;:true,&quot;nav_always_show_desktop&quot;:&quot;&quot;,&quot;nav_always_show_mobile&quot;:&quot;&quot;,&quot;breakpoint&quot;:&quot;780px&quot;,&quot;unmute&quot;:false,&quot;anchor&quot;:null}\"\n\t\t\t\t\t\t\t\t\t\tdata-anchor-id=\"\"\n\t\t\t\t>\t\t<li class=\"sow-slider-image\" style=\"visibility: visible;\" >\n\t\t\t\t\t\t<img width=\"1078\" height=\"803\" src=\"https:\/\/heniplast.pl\/wp-content\/uploads\/2021\/04\/zac_uni1_znak.jpg\" class=\"sow-slider-background-image\" alt=\"zaciskarka do zakr\u0119tek uniwersalna\" decoding=\"async\" loading=\"lazy\" style=\"\" srcset=\"https:\/\/heniplast.pl\/wp-content\/uploads\/2021\/04\/zac_uni1_znak.jpg 1078w, https:\/\/heniplast.pl\/wp-content\/uploads\/2021\/04\/zac_uni1_znak-300x223.jpg 300w, https:\/\/heniplast.pl\/wp-content\/uploads\/2021\/04\/zac_uni1_znak-1024x763.jpg 1024w, https:\/\/heniplast.pl\/wp-content\/uploads\/2021\/04\/zac_uni1_znak-768x572.jpg 768w, https:\/\/heniplast.pl\/wp-content\/uploads\/2021\/04\/zac_uni1_znak-16x12.jpg 16w\" sizes=\"(max-width: 1078px) 100vw, 1078px\" \/>\t\t<\/li>\n\t\t\t\t<li class=\"sow-slider-image\" style=\"visibility: hidden;\" >\n\t\t\t\t\t\t<img width=\"1029\" height=\"763\" src=\"https:\/\/heniplast.pl\/wp-content\/uploads\/2021\/04\/zac_uni2_znak.jpg\" class=\"sow-slider-background-image\" alt=\"zaciskarka do zakr\u0119tek uniwersalna\" decoding=\"async\" loading=\"lazy\" style=\"\" srcset=\"https:\/\/heniplast.pl\/wp-content\/uploads\/2021\/04\/zac_uni2_znak.jpg 1029w, https:\/\/heniplast.pl\/wp-content\/uploads\/2021\/04\/zac_uni2_znak-300x222.jpg 300w, https:\/\/heniplast.pl\/wp-content\/uploads\/2021\/04\/zac_uni2_znak-1024x759.jpg 1024w, https:\/\/heniplast.pl\/wp-content\/uploads\/2021\/04\/zac_uni2_znak-768x569.jpg 768w, https:\/\/heniplast.pl\/wp-content\/uploads\/2021\/04\/zac_uni2_znak-16x12.jpg 16w\" sizes=\"(max-width: 1029px) 100vw, 1029px\" \/>\t\t<\/li>\n\t\t<\/ul>\t\t\t\t<ol class=\"sow-slider-pagination\">\n\t\t\t\t\t\t\t\t\t\t\t<li><a href=\"#\" data-goto=\"0\" aria-label=\"display slide 1\"><\/a><\/li>\n\t\t\t\t\t\t\t\t\t\t\t<li><a href=\"#\" data-goto=\"1\" aria-label=\"display slide 2\"><\/a><\/li>\n\t\t\t\t\t\t\t\t\t<\/ol>\n\n\t\t\t\t<div class=\"sow-slide-nav sow-slide-nav-next\">\n\t\t\t\t\t<a href=\"#\" data-goto=\"next\" aria-label=\"next slide\" data-action=\"next\">\n\t\t\t\t\t\t<em class=\"sow-sld-icon-thin-right\"><\/em>\n\t\t\t\t\t<\/a>\n\t\t\t\t<\/div>\n\n\t\t\t\t<div class=\"sow-slide-nav sow-slide-nav-prev\">\n\t\t\t\t\t<a href=\"#\" data-goto=\"previous\" aria-label=\"previous slide\" data-action=\"prev\">\n\t\t\t\t\t\t<em class=\"sow-sld-icon-thin-left\"><\/em>\n\t\t\t\t\t<\/a>\n\t\t\t\t<\/div>\n\t\t\t\t<\/div><\/div><\/div><\/div><\/div><div id=\"pg-gb427-69f0a13c2af8c-2\"  class=\"panel-grid panel-no-style\" ><div id=\"pgc-gb427-69f0a13c2af8c-2-0\"  class=\"panel-grid-cell\" ><div id=\"panel-gb427-69f0a13c2af8c-2-0-0\" class=\"so-panel widget widget_sow-headline panel-first-child\" data-index=\"5\" ><div\n\t\t\t\n\t\t\tclass=\"so-widget-sow-headline so-widget-sow-headline-default-eb58c90b4a68-427\"\n\t\t\t\n\t\t><div class=\"sow-headline-container\">\n\t\t\t\t\t\t<div class=\"decoration\">\n\t\t\t\t\t\t<div class=\"decoration-inside\"><\/div>\n\t\t\t\t\t<\/div>\n\t\t\t\t\t\t\t\t\t\t\t<h2 class=\"sow-headline\">\n\t\t\t\t\t\tZaciskarka midi fi28mm\t\t\t\t\t\t<\/h2>\n\t\t\t\t\t\t<\/div>\n<\/div><\/div><div id=\"panel-gb427-69f0a13c2af8c-2-0-1\" class=\"so-panel widget widget_sow-editor panel-last-child\" data-index=\"6\" ><div\n\t\t\t\n\t\t\tclass=\"so-widget-sow-editor so-widget-sow-editor-base\"\n\t\t\t\n\t\t>\n<div class=\"siteorigin-widget-tinymce textwidget\">\n\t<p>Model zaciskarki do najpopularniejszych na rynku zakr\u0119tek o \u015brednicy 28mm oraz wysoko\u015bciach 18mm lub 40mm.<\/p>\n<\/div>\n<\/div><\/div><\/div><div id=\"pgc-gb427-69f0a13c2af8c-2-1\"  class=\"panel-grid-cell\" ><div id=\"panel-gb427-69f0a13c2af8c-2-1-0\" class=\"so-panel widget widget_media_image panel-first-child panel-last-child\" data-index=\"7\" ><img width=\"800\" height=\"560\" src=\"https:\/\/heniplast.pl\/wp-content\/uploads\/2021\/03\/zaciskarka_midi_znak-1024x717.jpg\" class=\"image wp-image-448  attachment-large size-large\" alt=\"zaciskarka 28mm\" decoding=\"async\" loading=\"lazy\" style=\"max-width: 100%; height: auto;\" srcset=\"https:\/\/heniplast.pl\/wp-content\/uploads\/2021\/03\/zaciskarka_midi_znak-1024x717.jpg 1024w, https:\/\/heniplast.pl\/wp-content\/uploads\/2021\/03\/zaciskarka_midi_znak-300x210.jpg 300w, https:\/\/heniplast.pl\/wp-content\/uploads\/2021\/03\/zaciskarka_midi_znak-768x538.jpg 768w, https:\/\/heniplast.pl\/wp-content\/uploads\/2021\/03\/zaciskarka_midi_znak-1536x1076.jpg 1536w, https:\/\/heniplast.pl\/wp-content\/uploads\/2021\/03\/zaciskarka_midi_znak-16x12.jpg 16w, https:\/\/heniplast.pl\/wp-content\/uploads\/2021\/03\/zaciskarka_midi_znak-e1619469555267.jpg 1500w\" sizes=\"(max-width: 800px) 100vw, 800px\" \/><\/div><\/div><\/div><div id=\"pg-gb427-69f0a13c2af8c-3\"  class=\"panel-grid panel-has-style\" ><div id=\"mini18\" class=\"panel-row-style panel-row-style-for-gb427-69f0a13c2af8c-3\" ><div id=\"pgc-gb427-69f0a13c2af8c-3-0\"  class=\"panel-grid-cell\" ><div id=\"panel-gb427-69f0a13c2af8c-3-0-0\" class=\"so-panel widget widget_sow-headline panel-first-child\" data-index=\"8\" ><div\n\t\t\t\n\t\t\tclass=\"so-widget-sow-headline so-widget-sow-headline-default-eb58c90b4a68-427\"\n\t\t\t\n\t\t><div class=\"sow-headline-container\">\n\t\t\t\t\t\t<div class=\"decoration\">\n\t\t\t\t\t\t<div class=\"decoration-inside\"><\/div>\n\t\t\t\t\t<\/div>\n\t\t\t\t\t\t\t\t\t\t\t<h2 class=\"sow-headline\">\n\t\t\t\t\t\tZaciskarka mini fi18mm\t\t\t\t\t\t<\/h2>\n\t\t\t\t\t\t<\/div>\n<\/div><\/div><div id=\"panel-gb427-69f0a13c2af8c-3-0-1\" class=\"so-panel widget widget_sow-editor panel-last-child\" data-index=\"9\" ><div\n\t\t\t\n\t\t\tclass=\"so-widget-sow-editor so-widget-sow-editor-base\"\n\t\t\t\n\t\t>\n<div class=\"siteorigin-widget-tinymce textwidget\">\n\t<p>Wariant zaciskarki do najmniejszych dost\u0119pnych zakr\u0119tek o wymiarach 18x12mm.<\/p>\n<\/div>\n<\/div><\/div><\/div><div id=\"pgc-gb427-69f0a13c2af8c-3-1\"  class=\"panel-grid-cell\" ><div id=\"panel-gb427-69f0a13c2af8c-3-1-0\" class=\"so-panel widget widget_media_image panel-first-child panel-last-child\" data-index=\"10\" ><img width=\"800\" height=\"545\" src=\"https:\/\/heniplast.pl\/wp-content\/uploads\/2021\/04\/zaciskarka_mini_znak-1024x697.jpg\" class=\"image wp-image-471  attachment-large size-large\" alt=\"zaciskarka do zakr\u0119tek mini\" decoding=\"async\" loading=\"lazy\" style=\"max-width: 100%; height: auto;\" srcset=\"https:\/\/heniplast.pl\/wp-content\/uploads\/2021\/04\/zaciskarka_mini_znak-1024x697.jpg 1024w, https:\/\/heniplast.pl\/wp-content\/uploads\/2021\/04\/zaciskarka_mini_znak-300x204.jpg 300w, https:\/\/heniplast.pl\/wp-content\/uploads\/2021\/04\/zaciskarka_mini_znak-768x523.jpg 768w, https:\/\/heniplast.pl\/wp-content\/uploads\/2021\/04\/zaciskarka_mini_znak-16x12.jpg 16w, https:\/\/heniplast.pl\/wp-content\/uploads\/2021\/04\/zaciskarka_mini_znak.jpg 1052w\" sizes=\"(max-width: 800px) 100vw, 800px\" \/><\/div><\/div><\/div><\/div><div id=\"pg-gb427-69f0a13c2af8c-4\"  class=\"panel-grid panel-no-style\" ><div id=\"pgc-gb427-69f0a13c2af8c-4-0\"  class=\"panel-grid-cell\" ><div id=\"panel-gb427-69f0a13c2af8c-4-0-0\" class=\"so-panel widget widget_sow-headline panel-first-child\" data-index=\"11\" ><div\n\t\t\t\n\t\t\tclass=\"so-widget-sow-headline so-widget-sow-headline-default-eb58c90b4a68-427\"\n\t\t\t\n\t\t><div class=\"sow-headline-container\">\n\t\t\t\t\t\t<div class=\"decoration\">\n\t\t\t\t\t\t<div class=\"decoration-inside\"><\/div>\n\t\t\t\t\t<\/div>\n\t\t\t\t\t<\/div>\n<\/div><\/div><div id=\"panel-gb427-69f0a13c2af8c-4-0-1\" class=\"so-panel widget widget_sow-contact-form panel-last-child\" data-index=\"12\" ><div\n\t\t\t\n\t\t\tclass=\"so-widget-sow-contact-form so-widget-sow-contact-form-default-42295e55f125-427\"\n\t\t\t\n\t\t><h3 class=\"widget-title\">Zapytaj o cen\u0119<\/h3>\t<form\n\t\taction=\"\/wp-json\/wp\/v2\/pages\/427\"\n\t\tmethod=\"POST\"\n\t\tclass=\"sow-contact-form\"\n\t\tid=\"contact-form-1570\" data-trp-original-action=\"\/en\/wp-json\/wp\/v2\/pages\/427\"\n\t>\n\n\t\t\n\t\t\t\t\t<div class=\"sow-form-field sow-form-field-email\">\n\t\t\t\t<label class=\"sow-form-field-label-above\" for=\"sow-contact-form-field-twoj-mail-683760483602e32e9ac4dc145251059\">\n\t\t\t\t<strong>\n\t\t\t\t\tYour mail address\t\t\t\t\t\t\t\t\t<\/strong>\n\t\t\t<\/label>\n\t\t\t\t\t\t\t<span class=\"sow-field-container\">\n\t\t\t\t\t\t\t<input\n\t\t\ttype=\"email\"\n\t\t\tname=\"twoj-mail-683760483602e32e9ac4dc145251059\"\n\t\t\tid=\"sow-contact-form-field-twoj-mail-683760483602e32e9ac4dc145251059\"\n\t\t\tvalue=\"\"\n\t\t\tclass=\"sow-text-field\"\t\t\t\t\t\t\t\t\/>\n\t\t\t\t\t\t<\/span>\n\t\t\t\t\t\t\t<\/div>\n\t\t\t\t\t\t<div class=\"sow-form-field sow-form-field-textarea\">\n\t\t\t\t<label class=\"sow-form-field-label-above\" for=\"sow-contact-form-field-wiadomosc-683760483602e32e9ac4dc145251059\">\n\t\t\t\t<strong>\n\t\t\t\t\tMessage\t\t\t\t\t\t\t\t\t<\/strong>\n\t\t\t<\/label>\n\t\t\t\t\t\t\t<span class=\"sow-field-container\">\n\t\t\t\t\t\t\t<textarea\n\t\t\tname=\"wiadomosc-683760483602e32e9ac4dc145251059\"\n\t\t\tid=\"sow-contact-form-field-wiadomosc-683760483602e32e9ac4dc145251059\"\n\t\t\trows=\"10\"\n\t\t\t\t\t\t\t\t><\/textarea>\n\t\t\t\t\t\t<\/span>\n\t\t\t\t\t\t\t<\/div>\n\t\t\t\n\t\t\t\t\t<div class=\"sow-recaptcha\"\n\t\t\t\t\t\t\t\t\tdata-config=\"{&quot;sitekey&quot;:&quot;6Lde2sQUAAAAAFwAWWIyouwWQGdB8XYFuCV3k48b&quot;,&quot;theme&quot;:&quot;light&quot;,&quot;type&quot;:&quot;image&quot;,&quot;size&quot;:&quot;normal&quot;}\"\n\t\t\t\t\t\t\t><\/div>\n\t\t\t\n\t\t<div class=\"sow-submit-wrapper sow-submit-styled\">\n\n\t\t\t<button\n\t\t\t\ttype=\"submit\"\n\t\t\t\tclass=\"sow-submit\"\n\t\t\t\t\t\t\t>\n\t\t\t\tSend\t\t\t<\/button>\n\t\t<\/div>\n\t\t\t\t<input type=\"hidden\" name=\"instance_hash\" value=\"1570cddcfdbc1a0698dd4befea83bf90\" \/>\n\t\t<input type=\"hidden\" id=\"_wpnonce\" name=\"_wpnonce\" value=\"c58ccd3aa7\" \/><input type=\"hidden\" name=\"_wp_http_referer\" value=\"\/en\/wp-json\/wp\/v2\/pages\/427\" \/>\t<input type=\"hidden\" name=\"trp-form-language\" value=\"en\"\/><\/form>\n\t<\/div><\/div><\/div><\/div><\/div>","protected":false},"excerpt":{"rendered":"<p>Zaciskarka (zaciskacz, zagniatarka, plombownica) do zakr\u0119tek s\u0142u\u017cy do zagi\u0119cia plomby zakr\u0119tki na szyjce butelki. Typowa zaciskarka sk\u0142ada si\u0119 z korpusu oraz elementu zaginaj\u0105cego (najcz\u0119\u015bciej pr\u0119t metalowy). Korpus zaciskarki posiada otw\u00f3r &#8230;<\/p>","protected":false},"author":1,"featured_media":448,"parent":0,"menu_order":0,"comment_status":"closed","ping_status":"closed","template":"","meta":[],"yoast_head":"<!-- This site is optimized with the Yoast SEO plugin v21.0 - https:\/\/yoast.com\/wordpress\/plugins\/seo\/ -->\n<title>Zaciskarki do zakr\u0119tek - Heniplast<\/title>\n<meta name=\"description\" content=\"Firma Produkcyjno-Handlowa Heniplast, przetw\u00f3rstwo tworzyw sztucznych, podp\u00f3rki do pizzy, mercedesy, haczyki choinkowe, ozdoby choinkowe, krawaty reklamowe.\" \/>\n<meta name=\"robots\" content=\"index, follow, max-snippet:-1, max-image-preview:large, max-video-preview:-1\" \/>\n<link rel=\"canonical\" href=\"https:\/\/heniplast.pl\/en\/zaciskarki-do-zakretek\/\" \/>\n<meta property=\"og:locale\" content=\"en_GB\" \/>\n<meta property=\"og:type\" content=\"article\" \/>\n<meta property=\"og:title\" content=\"Zaciskarki do zakr\u0119tek - Heniplast\" \/>\n<meta property=\"og:description\" content=\"Firma Produkcyjno-Handlowa Heniplast, przetw\u00f3rstwo tworzyw sztucznych, podp\u00f3rki do pizzy, mercedesy, haczyki choinkowe, ozdoby choinkowe, krawaty reklamowe.\" \/>\n<meta property=\"og:url\" content=\"https:\/\/heniplast.pl\/en\/zaciskarki-do-zakretek\/\" \/>\n<meta property=\"og:site_name\" content=\"Heniplast\" \/>\n<meta property=\"article:modified_time\" content=\"2021-04-26T20:37:32+00:00\" \/>\n<meta property=\"og:image\" content=\"https:\/\/heniplast.pl\/wp-content\/uploads\/2021\/03\/zaciskarka_midi_znak-e1619469555267.jpg\" \/>\n\t<meta property=\"og:image:width\" content=\"1500\" \/>\n\t<meta property=\"og:image:height\" content=\"1051\" \/>\n\t<meta property=\"og:image:type\" content=\"image\/jpeg\" \/>\n<meta name=\"twitter:card\" content=\"summary_large_image\" \/>\n<meta name=\"twitter:label1\" content=\"Estimated reading time\" \/>\n\t<meta name=\"twitter:data1\" content=\"5 minutes\" \/>\n<script type=\"application\/ld+json\" class=\"yoast-schema-graph\">{\"@context\":\"https:\/\/schema.org\",\"@graph\":[{\"@type\":\"WebPage\",\"@id\":\"https:\/\/heniplast.pl\/zaciskarki-do-zakretek\/\",\"url\":\"https:\/\/heniplast.pl\/zaciskarki-do-zakretek\/\",\"name\":\"Zaciskarki do zakr\u0119tek - Heniplast\",\"isPartOf\":{\"@id\":\"https:\/\/heniplast.pl\/#website\"},\"datePublished\":\"2021-02-18T09:11:48+00:00\",\"dateModified\":\"2021-04-26T20:37:32+00:00\",\"description\":\"Firma Produkcyjno-Handlowa Heniplast, przetw\u00f3rstwo tworzyw sztucznych, podp\u00f3rki do pizzy, mercedesy, haczyki choinkowe, ozdoby choinkowe, krawaty reklamowe.\",\"breadcrumb\":{\"@id\":\"https:\/\/heniplast.pl\/zaciskarki-do-zakretek\/#breadcrumb\"},\"inLanguage\":\"en-GB\",\"potentialAction\":[{\"@type\":\"ReadAction\",\"target\":[\"https:\/\/heniplast.pl\/zaciskarki-do-zakretek\/\"]}]},{\"@type\":\"BreadcrumbList\",\"@id\":\"https:\/\/heniplast.pl\/zaciskarki-do-zakretek\/#breadcrumb\",\"itemListElement\":[{\"@type\":\"ListItem\",\"position\":1,\"name\":\"heniplast.pl\",\"item\":\"https:\/\/heniplast.pl\/\"},{\"@type\":\"ListItem\",\"position\":2,\"name\":\"Zaciskarki do zakr\u0119tek\"}]},{\"@type\":\"WebSite\",\"@id\":\"https:\/\/heniplast.pl\/#website\",\"url\":\"https:\/\/heniplast.pl\/\",\"name\":\"Heniplast\",\"description\":\"Strona firmowa Firmy Produkcyjno-Handlowej Heniplast zajmuj\u0105cej si\u0119 przetw\u00f3rstwem plastik\u00f3w na wtryskarkach.\",\"publisher\":{\"@id\":\"https:\/\/heniplast.pl\/#organization\"},\"potentialAction\":[{\"@type\":\"SearchAction\",\"target\":{\"@type\":\"EntryPoint\",\"urlTemplate\":\"https:\/\/heniplast.pl\/?s={search_term_string}\"},\"query-input\":\"required name=search_term_string\"}],\"inLanguage\":\"en-GB\"},{\"@type\":\"Organization\",\"@id\":\"https:\/\/heniplast.pl\/#organization\",\"name\":\"Heniplast\",\"url\":\"https:\/\/heniplast.pl\/\",\"logo\":{\"@type\":\"ImageObject\",\"inLanguage\":\"en-GB\",\"@id\":\"https:\/\/heniplast.pl\/#\/schema\/logo\/image\/\",\"url\":\"https:\/\/heniplast.pl\/wp-content\/uploads\/2019\/10\/logo1.png\",\"contentUrl\":\"https:\/\/heniplast.pl\/wp-content\/uploads\/2019\/10\/logo1.png\",\"width\":806,\"height\":144,\"caption\":\"Heniplast\"},\"image\":{\"@id\":\"https:\/\/heniplast.pl\/#\/schema\/logo\/image\/\"},\"sameAs\":[\"https:\/\/www.linkedin.com\/company\/heniplast\"]}]}<\/script>\n<!-- \/ Yoast SEO plugin. -->","yoast_head_json":{"title":"Zaciskarki do zakr\u0119tek - Heniplast","description":"Firma Produkcyjno-Handlowa Heniplast, przetw\u00f3rstwo tworzyw sztucznych, podp\u00f3rki do pizzy, mercedesy, haczyki choinkowe, ozdoby choinkowe, krawaty reklamowe.","robots":{"index":"index","follow":"follow","max-snippet":"max-snippet:-1","max-image-preview":"max-image-preview:large","max-video-preview":"max-video-preview:-1"},"canonical":"https:\/\/heniplast.pl\/en\/zaciskarki-do-zakretek\/","og_locale":"en_GB","og_type":"article","og_title":"Zaciskarki do zakr\u0119tek - Heniplast","og_description":"Firma Produkcyjno-Handlowa Heniplast, przetw\u00f3rstwo tworzyw sztucznych, podp\u00f3rki do pizzy, mercedesy, haczyki choinkowe, ozdoby choinkowe, krawaty reklamowe.","og_url":"https:\/\/heniplast.pl\/en\/zaciskarki-do-zakretek\/","og_site_name":"Heniplast","article_modified_time":"2021-04-26T20:37:32+00:00","og_image":[{"width":1500,"height":1051,"url":"https:\/\/heniplast.pl\/wp-content\/uploads\/2021\/03\/zaciskarka_midi_znak-e1619469555267.jpg","type":"image\/jpeg"}],"twitter_card":"summary_large_image","twitter_misc":{"Estimated reading time":"5 minutes"},"schema":{"@context":"https:\/\/schema.org","@graph":[{"@type":"WebPage","@id":"https:\/\/heniplast.pl\/zaciskarki-do-zakretek\/","url":"https:\/\/heniplast.pl\/zaciskarki-do-zakretek\/","name":"Zaciskarki do zakr\u0119tek - Heniplast","isPartOf":{"@id":"https:\/\/heniplast.pl\/#website"},"datePublished":"2021-02-18T09:11:48+00:00","dateModified":"2021-04-26T20:37:32+00:00","description":"Firma Produkcyjno-Handlowa Heniplast, przetw\u00f3rstwo tworzyw sztucznych, podp\u00f3rki do pizzy, mercedesy, haczyki choinkowe, ozdoby choinkowe, krawaty reklamowe.","breadcrumb":{"@id":"https:\/\/heniplast.pl\/zaciskarki-do-zakretek\/#breadcrumb"},"inLanguage":"en-GB","potentialAction":[{"@type":"ReadAction","target":["https:\/\/heniplast.pl\/zaciskarki-do-zakretek\/"]}]},{"@type":"BreadcrumbList","@id":"https:\/\/heniplast.pl\/zaciskarki-do-zakretek\/#breadcrumb","itemListElement":[{"@type":"ListItem","position":1,"name":"heniplast.pl","item":"https:\/\/heniplast.pl\/"},{"@type":"ListItem","position":2,"name":"Zaciskarki do zakr\u0119tek"}]},{"@type":"WebSite","@id":"https:\/\/heniplast.pl\/#website","url":"https:\/\/heniplast.pl\/","name":"Heniplast","description":"Strona firmowa Firmy Produkcyjno-Handlowej Heniplast zajmuj\u0105cej si\u0119 przetw\u00f3rstwem plastik\u00f3w na wtryskarkach.","publisher":{"@id":"https:\/\/heniplast.pl\/#organization"},"potentialAction":[{"@type":"SearchAction","target":{"@type":"EntryPoint","urlTemplate":"https:\/\/heniplast.pl\/?s={search_term_string}"},"query-input":"required name=search_term_string"}],"inLanguage":"en-GB"},{"@type":"Organization","@id":"https:\/\/heniplast.pl\/#organization","name":"Heniplast","url":"https:\/\/heniplast.pl\/","logo":{"@type":"ImageObject","inLanguage":"en-GB","@id":"https:\/\/heniplast.pl\/#\/schema\/logo\/image\/","url":"https:\/\/heniplast.pl\/wp-content\/uploads\/2019\/10\/logo1.png","contentUrl":"https:\/\/heniplast.pl\/wp-content\/uploads\/2019\/10\/logo1.png","width":806,"height":144,"caption":"Heniplast"},"image":{"@id":"https:\/\/heniplast.pl\/#\/schema\/logo\/image\/"},"sameAs":["https:\/\/www.linkedin.com\/company\/heniplast"]}]}},"_links":{"self":[{"href":"https:\/\/heniplast.pl\/en\/wp-json\/wp\/v2\/pages\/427"}],"collection":[{"href":"https:\/\/heniplast.pl\/en\/wp-json\/wp\/v2\/pages"}],"about":[{"href":"https:\/\/heniplast.pl\/en\/wp-json\/wp\/v2\/types\/page"}],"author":[{"embeddable":true,"href":"https:\/\/heniplast.pl\/en\/wp-json\/wp\/v2\/users\/1"}],"replies":[{"embeddable":true,"href":"https:\/\/heniplast.pl\/en\/wp-json\/wp\/v2\/comments?post=427"}],"version-history":[{"count":32,"href":"https:\/\/heniplast.pl\/en\/wp-json\/wp\/v2\/pages\/427\/revisions"}],"predecessor-version":[{"id":494,"href":"https:\/\/heniplast.pl\/en\/wp-json\/wp\/v2\/pages\/427\/revisions\/494"}],"wp:featuredmedia":[{"embeddable":true,"href":"https:\/\/heniplast.pl\/en\/wp-json\/wp\/v2\/media\/448"}],"wp:attachment":[{"href":"https:\/\/heniplast.pl\/en\/wp-json\/wp\/v2\/media?parent=427"}],"curies":[{"name":"wp","href":"https:\/\/api.w.org\/{rel}","templated":true}]}}