{"id":233,"date":"2019-10-18T09:36:40","date_gmt":"2019-10-18T07:36:40","guid":{"rendered":"https:\/\/heniplast.pl\/?page_id=233"},"modified":"2021-04-26T22:30:11","modified_gmt":"2021-04-26T20:30:11","slug":"druk-3d","status":"publish","type":"page","link":"https:\/\/heniplast.pl\/en\/druk-3d\/","title":{"rendered":"3D printing, prototyping"},"content":{"rendered":"<div id=\"pl-gb233-69f0a164314f2\"  class=\"panel-layout\" ><div id=\"pg-gb233-69f0a164314f2-0\"  class=\"panel-grid panel-no-style\" ><div id=\"pgc-gb233-69f0a164314f2-0-0\"  class=\"panel-grid-cell panel-grid-cell-mobile-last\" ><div id=\"panel-gb233-69f0a164314f2-0-0-0\" class=\"so-panel widget widget_media_image panel-first-child panel-last-child\" data-index=\"0\" ><img width=\"1280\" height=\"720\" src=\"https:\/\/heniplast.pl\/wp-content\/uploads\/2020\/11\/benchy.jpg\" class=\"image wp-image-323  attachment-full size-full\" alt=\"\" decoding=\"async\" loading=\"lazy\" style=\"max-width: 100%; height: auto;\" srcset=\"https:\/\/heniplast.pl\/wp-content\/uploads\/2020\/11\/benchy.jpg 1280w, https:\/\/heniplast.pl\/wp-content\/uploads\/2020\/11\/benchy-300x169.jpg 300w, https:\/\/heniplast.pl\/wp-content\/uploads\/2020\/11\/benchy-1024x576.jpg 1024w, https:\/\/heniplast.pl\/wp-content\/uploads\/2020\/11\/benchy-768x432.jpg 768w, https:\/\/heniplast.pl\/wp-content\/uploads\/2020\/11\/benchy-16x9.jpg 16w\" sizes=\"(max-width: 1280px) 100vw, 1280px\" \/><\/div><\/div><div id=\"pgc-gb233-69f0a164314f2-0-1\"  class=\"panel-grid-cell panel-grid-cell-empty\" ><\/div><\/div><div id=\"pg-gb233-69f0a164314f2-1\"  class=\"panel-grid panel-no-style\" ><div id=\"pgc-gb233-69f0a164314f2-1-0\"  class=\"panel-grid-cell\" ><div id=\"panel-gb233-69f0a164314f2-1-0-0\" class=\"so-panel widget widget_sow-editor panel-first-child panel-last-child\" data-index=\"1\" ><div\n\t\t\t\n\t\t\tclass=\"so-widget-sow-editor so-widget-sow-editor-base\"\n\t\t\t\n\t\t>\n<div class=\"siteorigin-widget-tinymce textwidget\">\n\t<h4>Nasza firma oferuje us\u0142ug\u0119 druku przestrzennego 3D w technologii FDM\/FFF. Mo\u017cemy pom\u00f3c w zaprojektowaniu nowej cz\u0119\u015bci, doradzimy jaki materia\u0142 wybra\u0107 oraz wykonamy detal.<\/h4>\n<h4>Dla kogo jest ta oferta? Skontaktuj si\u0119 z nami w ka\u017cdym z poni\u017cszych przypadk\u00f3w:<\/h4>\n<ul>\n \t<li>Masz gotowy projekt i chcesz go wydrukowa\u0107,<\/li>\n \t<li>Potrzebujesz cz\u0119\u015bci zamiennej &#8211; chcesz powieli\u0107 istniej\u0105cy obiekt,<\/li>\n \t<li>Masz pomys\u0142 i chcia\u0142by\u015b zrealizowa\u0107 prototyp,<\/li>\n \t<li>Chcesz wykona\u0107 kr\u00f3tk\u0105 seri\u0119 produkcji detalu<\/li>\n<\/ul>\n<h4>Na co mo\u017cesz liczy\u0107?<\/h4>\n<ul>\n \t<li>darmowa wycena<\/li>\n \t<li>szybka realizacja zlece\u0144<\/li>\n \t<li>doradztwo w wyborze materia\u0142u (PLA, PETG, ABS, PC)<\/li>\n \t<li>wysoka jako\u015b\u0107 wydruku<\/li>\n<\/ul>\n<h4>Wystarczy \u017ce dostarczysz nam plik w formacie *.stl. Je\u015bli nie masz w\u0142asnego to gotowe projekty modeli mo\u017cna znale\u017a\u0107 na poni\u017cszych portalach:<\/h4>\n<ul>\n \t<li>thingiverse<\/li>\n \t<li>myminifactory<\/li>\n \t<li>pinshape<\/li>\n \t<li>youmagine<\/li>\n \t<li>cults3d<\/li>\n \t<li>grabcad<\/li>\n<\/ul>\n<h4>Je\u017celi nie posiadasz gotowego pliku, mo\u017cemy si\u0119 zaj\u0105\u0107 twoim pomys\u0142em &#8211; wy\u015blij do nas rysunek koncepcyjny, rysunek techniczny lub szkic, aby\u015bmy mogli prze\u0142o\u017cy\u0107 go na projekt 3D i wydrukowa\u0107 go dla Ciebie.<\/h4>\n\n<hr \/>\n\n<h4>Zapytania o wycen\u0119 prosimy kierowa\u0107 na adres <strong><span style=\"color: #0000ff;\"><a style=\"color: #0000ff;\" href=\"mailto:sklep@heniplast.pl\">sklep@heniplast.pl<\/a><\/span>.<\/strong><\/h4>\n<h4>W zapytaniu prosimy umie\u015bci\u0107 jak najwi\u0119cej informacji o modelu:<\/h4>\n<ul>\n \t<li>zastosowanie, warunki w jakich b\u0119dzie pracowa\u0142<\/li>\n \t<li>obci\u0105\u017cenia jakie b\u0119dzie przenosi\u0142 i w jakich kierunkach<\/li>\n \t<li>czy preferujesz konkretny materia\u0142<\/li>\n<\/ul>\n<h4>Odpowiadamy w przeci\u0105gu 1 dnia roboczego!<\/h4>\nW odpowiedzi otrzymasz kosztorys wraz z instrukcjami lub dodatkowe pytania o model.<br \/>\nGotowe wydruki wysy\u0142amy kurierem lub Paczkomatem.<br \/>\nZapraszamy do kontaktu.<\/div>\n<\/div><\/div><\/div><\/div><\/div>\n\n\n<p><\/p>","protected":false},"excerpt":{"rendered":"<p>Nasza firma oferuje us\u0142ug\u0119 druku przestrzennego 3D w technologii FDM\/FFF. Mo\u017cemy pom\u00f3c w zaprojektowaniu nowej cz\u0119\u015bci, doradzimy jaki materia\u0142 wybra\u0107 oraz wykonamy detal. Dla kogo jest ta oferta? Skontaktuj si\u0119 &#8230;<\/p>","protected":false},"author":1,"featured_media":0,"parent":0,"menu_order":0,"comment_status":"closed","ping_status":"closed","template":"","meta":[],"yoast_head":"<!-- This site is optimized with the Yoast SEO plugin v21.0 - https:\/\/yoast.com\/wordpress\/plugins\/seo\/ -->\n<title>Druk 3D, prototypowanie - Heniplast<\/title>\n<meta name=\"description\" content=\"Firma Produkcyjno-Handlowa Heniplast, przetw\u00f3rstwo tworzyw sztucznych, podp\u00f3rki do pizzy, mercedesy, haczyki choinkowe, ozdoby choinkowe, krawaty reklamowe.\" \/>\n<meta name=\"robots\" content=\"index, follow, max-snippet:-1, max-image-preview:large, max-video-preview:-1\" \/>\n<link rel=\"canonical\" href=\"https:\/\/heniplast.pl\/en\/druk-3d\/\" \/>\n<meta property=\"og:locale\" content=\"en_GB\" \/>\n<meta property=\"og:type\" content=\"article\" \/>\n<meta property=\"og:title\" content=\"Druk 3D, prototypowanie - Heniplast\" \/>\n<meta property=\"og:description\" content=\"Firma Produkcyjno-Handlowa Heniplast, przetw\u00f3rstwo tworzyw sztucznych, podp\u00f3rki do pizzy, mercedesy, haczyki choinkowe, ozdoby choinkowe, krawaty reklamowe.\" \/>\n<meta property=\"og:url\" content=\"https:\/\/heniplast.pl\/en\/druk-3d\/\" \/>\n<meta property=\"og:site_name\" content=\"Heniplast\" \/>\n<meta property=\"article:modified_time\" content=\"2021-04-26T20:30:11+00:00\" \/>\n<meta property=\"og:image\" content=\"https:\/\/heniplast.pl\/wp-content\/uploads\/2020\/11\/benchy.jpg\" \/>\n<meta name=\"twitter:card\" content=\"summary_large_image\" \/>\n<meta name=\"twitter:label1\" content=\"Estimated reading time\" \/>\n\t<meta name=\"twitter:data1\" content=\"2 minutes\" \/>\n<script type=\"application\/ld+json\" class=\"yoast-schema-graph\">{\"@context\":\"https:\/\/schema.org\",\"@graph\":[{\"@type\":\"WebPage\",\"@id\":\"https:\/\/heniplast.pl\/druk-3d\/\",\"url\":\"https:\/\/heniplast.pl\/druk-3d\/\",\"name\":\"Druk 3D, prototypowanie - Heniplast\",\"isPartOf\":{\"@id\":\"https:\/\/heniplast.pl\/#website\"},\"datePublished\":\"2019-10-18T07:36:40+00:00\",\"dateModified\":\"2021-04-26T20:30:11+00:00\",\"description\":\"Firma Produkcyjno-Handlowa Heniplast, przetw\u00f3rstwo tworzyw sztucznych, podp\u00f3rki do pizzy, mercedesy, haczyki choinkowe, ozdoby choinkowe, krawaty reklamowe.\",\"breadcrumb\":{\"@id\":\"https:\/\/heniplast.pl\/druk-3d\/#breadcrumb\"},\"inLanguage\":\"en-GB\",\"potentialAction\":[{\"@type\":\"ReadAction\",\"target\":[\"https:\/\/heniplast.pl\/druk-3d\/\"]}]},{\"@type\":\"BreadcrumbList\",\"@id\":\"https:\/\/heniplast.pl\/druk-3d\/#breadcrumb\",\"itemListElement\":[{\"@type\":\"ListItem\",\"position\":1,\"name\":\"heniplast.pl\",\"item\":\"https:\/\/heniplast.pl\/\"},{\"@type\":\"ListItem\",\"position\":2,\"name\":\"Druk 3D, prototypowanie\"}]},{\"@type\":\"WebSite\",\"@id\":\"https:\/\/heniplast.pl\/#website\",\"url\":\"https:\/\/heniplast.pl\/\",\"name\":\"Heniplast\",\"description\":\"Strona firmowa Firmy Produkcyjno-Handlowej Heniplast zajmuj\u0105cej si\u0119 przetw\u00f3rstwem plastik\u00f3w na wtryskarkach.\",\"publisher\":{\"@id\":\"https:\/\/heniplast.pl\/#organization\"},\"potentialAction\":[{\"@type\":\"SearchAction\",\"target\":{\"@type\":\"EntryPoint\",\"urlTemplate\":\"https:\/\/heniplast.pl\/?s={search_term_string}\"},\"query-input\":\"required name=search_term_string\"}],\"inLanguage\":\"en-GB\"},{\"@type\":\"Organization\",\"@id\":\"https:\/\/heniplast.pl\/#organization\",\"name\":\"Heniplast\",\"url\":\"https:\/\/heniplast.pl\/\",\"logo\":{\"@type\":\"ImageObject\",\"inLanguage\":\"en-GB\",\"@id\":\"https:\/\/heniplast.pl\/#\/schema\/logo\/image\/\",\"url\":\"https:\/\/heniplast.pl\/wp-content\/uploads\/2019\/10\/logo1.png\",\"contentUrl\":\"https:\/\/heniplast.pl\/wp-content\/uploads\/2019\/10\/logo1.png\",\"width\":806,\"height\":144,\"caption\":\"Heniplast\"},\"image\":{\"@id\":\"https:\/\/heniplast.pl\/#\/schema\/logo\/image\/\"},\"sameAs\":[\"https:\/\/www.linkedin.com\/company\/heniplast\"]}]}<\/script>\n<!-- \/ Yoast SEO plugin. -->","yoast_head_json":{"title":"Druk 3D, prototypowanie - Heniplast","description":"Firma Produkcyjno-Handlowa Heniplast, przetw\u00f3rstwo tworzyw sztucznych, podp\u00f3rki do pizzy, mercedesy, haczyki choinkowe, ozdoby choinkowe, krawaty reklamowe.","robots":{"index":"index","follow":"follow","max-snippet":"max-snippet:-1","max-image-preview":"max-image-preview:large","max-video-preview":"max-video-preview:-1"},"canonical":"https:\/\/heniplast.pl\/en\/druk-3d\/","og_locale":"en_GB","og_type":"article","og_title":"Druk 3D, prototypowanie - Heniplast","og_description":"Firma Produkcyjno-Handlowa Heniplast, przetw\u00f3rstwo tworzyw sztucznych, podp\u00f3rki do pizzy, mercedesy, haczyki choinkowe, ozdoby choinkowe, krawaty reklamowe.","og_url":"https:\/\/heniplast.pl\/en\/druk-3d\/","og_site_name":"Heniplast","article_modified_time":"2021-04-26T20:30:11+00:00","og_image":[{"url":"https:\/\/heniplast.pl\/wp-content\/uploads\/2020\/11\/benchy.jpg"}],"twitter_card":"summary_large_image","twitter_misc":{"Estimated reading time":"2 minutes"},"schema":{"@context":"https:\/\/schema.org","@graph":[{"@type":"WebPage","@id":"https:\/\/heniplast.pl\/druk-3d\/","url":"https:\/\/heniplast.pl\/druk-3d\/","name":"Druk 3D, prototypowanie - Heniplast","isPartOf":{"@id":"https:\/\/heniplast.pl\/#website"},"datePublished":"2019-10-18T07:36:40+00:00","dateModified":"2021-04-26T20:30:11+00:00","description":"Firma Produkcyjno-Handlowa Heniplast, przetw\u00f3rstwo tworzyw sztucznych, podp\u00f3rki do pizzy, mercedesy, haczyki choinkowe, ozdoby choinkowe, krawaty reklamowe.","breadcrumb":{"@id":"https:\/\/heniplast.pl\/druk-3d\/#breadcrumb"},"inLanguage":"en-GB","potentialAction":[{"@type":"ReadAction","target":["https:\/\/heniplast.pl\/druk-3d\/"]}]},{"@type":"BreadcrumbList","@id":"https:\/\/heniplast.pl\/druk-3d\/#breadcrumb","itemListElement":[{"@type":"ListItem","position":1,"name":"heniplast.pl","item":"https:\/\/heniplast.pl\/"},{"@type":"ListItem","position":2,"name":"Druk 3D, prototypowanie"}]},{"@type":"WebSite","@id":"https:\/\/heniplast.pl\/#website","url":"https:\/\/heniplast.pl\/","name":"Heniplast","description":"Strona firmowa Firmy Produkcyjno-Handlowej Heniplast zajmuj\u0105cej si\u0119 przetw\u00f3rstwem plastik\u00f3w na wtryskarkach.","publisher":{"@id":"https:\/\/heniplast.pl\/#organization"},"potentialAction":[{"@type":"SearchAction","target":{"@type":"EntryPoint","urlTemplate":"https:\/\/heniplast.pl\/?s={search_term_string}"},"query-input":"required name=search_term_string"}],"inLanguage":"en-GB"},{"@type":"Organization","@id":"https:\/\/heniplast.pl\/#organization","name":"Heniplast","url":"https:\/\/heniplast.pl\/","logo":{"@type":"ImageObject","inLanguage":"en-GB","@id":"https:\/\/heniplast.pl\/#\/schema\/logo\/image\/","url":"https:\/\/heniplast.pl\/wp-content\/uploads\/2019\/10\/logo1.png","contentUrl":"https:\/\/heniplast.pl\/wp-content\/uploads\/2019\/10\/logo1.png","width":806,"height":144,"caption":"Heniplast"},"image":{"@id":"https:\/\/heniplast.pl\/#\/schema\/logo\/image\/"},"sameAs":["https:\/\/www.linkedin.com\/company\/heniplast"]}]}},"_links":{"self":[{"href":"https:\/\/heniplast.pl\/en\/wp-json\/wp\/v2\/pages\/233"}],"collection":[{"href":"https:\/\/heniplast.pl\/en\/wp-json\/wp\/v2\/pages"}],"about":[{"href":"https:\/\/heniplast.pl\/en\/wp-json\/wp\/v2\/types\/page"}],"author":[{"embeddable":true,"href":"https:\/\/heniplast.pl\/en\/wp-json\/wp\/v2\/users\/1"}],"replies":[{"embeddable":true,"href":"https:\/\/heniplast.pl\/en\/wp-json\/wp\/v2\/comments?post=233"}],"version-history":[{"count":14,"href":"https:\/\/heniplast.pl\/en\/wp-json\/wp\/v2\/pages\/233\/revisions"}],"predecessor-version":[{"id":488,"href":"https:\/\/heniplast.pl\/en\/wp-json\/wp\/v2\/pages\/233\/revisions\/488"}],"wp:attachment":[{"href":"https:\/\/heniplast.pl\/en\/wp-json\/wp\/v2\/media?parent=233"}],"curies":[{"name":"wp","href":"https:\/\/api.w.org\/{rel}","templated":true}]}}